{"id":3,"date":"2025-11-06T16:15:51","date_gmt":"2025-11-06T16:15:51","guid":{"rendered":"https:\/\/dac.ro\/stiri\/?page_id=3"},"modified":"2025-11-06T16:45:58","modified_gmt":"2025-11-06T16:45:58","slug":"politica-de-confidentialitate","status":"publish","type":"page","link":"https:\/\/dac.ro\/stiri\/politica-de-confidentialitate\/","title":{"rendered":"GDPR"},"content":{"rendered":"\n<p>Politica de confiden\u021bialitate (GDPR)<\/p>\n\n\n\n<p>Protejarea datelor dumneavoastr\u0103 personale este important\u0103 pentru noi. Aceast\u0103 politic\u0103 explic\u0103 ce date colect\u0103m, cum le folosim \u0219i care sunt drepturile dumneavoastr\u0103 conform Regulamentului (UE) 2016\/679 (GDPR).<\/p>\n\n\n\n<p>1. Ce date colect\u0103m:<\/p>\n\n\n\n<p>Putem colecta date personale (ex.: nume, e-mail, telefon) atunci c\u00e2nd completa\u021bi formulare de contact sau ne trimite\u021bi solicit\u0103ri.<\/p>\n\n\n\n<p>2. Scopul prelucr\u0103rii:<\/p>\n\n\n\n<p>Datele sunt utilizate strict pentru a r\u0103spunde solicit\u0103rilor dumneavoastr\u0103, pentru comunicare comercial\u0103 sau pentru \u00eembun\u0103t\u0103\u021birea serviciilor noastre.<\/p>\n\n\n\n<p>3. Temeiul legal:<\/p>\n\n\n\n<p>Prelucrarea datelor se face \u00een baza consim\u021b\u0103m\u00e2ntului exprimat sau pentru \u00eendeplinirea unor obliga\u021bii contractuale \u0219i legale.<\/p>\n\n\n\n<p>4. Stocarea datelor:<\/p>\n\n\n\n<p>Datele sunt stocate \u00een condi\u021bii de siguran\u021b\u0103, pe perioade limitate, conform cerin\u021belor legale.<\/p>\n\n\n\n<p>5. Drepturile dumneavoastr\u0103:<\/p>\n\n\n\n<p>Ave\u021bi dreptul de acces, rectificare, \u0219tergere, restric\u021bionare, portabilitate \u0219i opozi\u021bie cu privire la datele personale prelucrate. Pentru exercitarea acestor drepturi, ne pute\u021bi contacta la contact@dac.ro<\/p>\n\n\n\n<p>6. Transmiterea datelor:<\/p>\n\n\n\n<p>Nu transmitem datele dumneavoastr\u0103 c\u0103tre ter\u021bi f\u0103r\u0103 acordul dumneavoastr\u0103, cu excep\u021bia cazurilor prev\u0103zute de lege.<\/p>\n\n\n\n<p>7. Securitatea datelor:<\/p>\n\n\n\n<p>Aplic\u0103m m\u0103suri tehnice \u0219i organizatorice adecvate pentru protejarea datelor \u00eempotriva accesului neautorizat sau a pierderii.<\/p>\n\n\n\n<p>Pentru detalii suplimentare sau solicit\u0103ri legate de datele personale, v\u0103 rug\u0103m s\u0103 ne contacta\u021bi la contact@dac.ro<\/p>\n","protected":false},"excerpt":{"rendered":"<p>Politica de confiden\u021bialitate (GDPR) Protejarea datelor dumneavoastr\u0103 personale este important\u0103 pentru noi. Aceast\u0103 politic\u0103 explic\u0103 ce date colect\u0103m, cum le folosim \u0219i care sunt drepturile dumneavoastr\u0103 conform Regulamentului (UE) 2016\/679 (GDPR). 1. Ce date colect\u0103m: Putem colecta date personale (ex.: nume, e-mail, telefon) atunci c\u00e2nd completa\u021bi formulare de contact sau ne trimite\u021bi solicit\u0103ri. 2. Scopul [&hellip;]<\/p>\n","protected":false},"author":1,"featured_media":0,"parent":0,"menu_order":0,"comment_status":"closed","ping_status":"open","template":"","meta":{"footnotes":""},"class_list":["post-3","page","type-page","status-publish","hentry"],"_links":{"self":[{"href":"https:\/\/dac.ro\/stiri\/wp-json\/wp\/v2\/pages\/3","targetHints":{"allow":["GET"]}}],"collection":[{"href":"https:\/\/dac.ro\/stiri\/wp-json\/wp\/v2\/pages"}],"about":[{"href":"https:\/\/dac.ro\/stiri\/wp-json\/wp\/v2\/types\/page"}],"author":[{"embeddable":true,"href":"https:\/\/dac.ro\/stiri\/wp-json\/wp\/v2\/users\/1"}],"replies":[{"embeddable":true,"href":"https:\/\/dac.ro\/stiri\/wp-json\/wp\/v2\/comments?post=3"}],"version-history":[{"count":1,"href":"https:\/\/dac.ro\/stiri\/wp-json\/wp\/v2\/pages\/3\/revisions"}],"predecessor-version":[{"id":32,"href":"https:\/\/dac.ro\/stiri\/wp-json\/wp\/v2\/pages\/3\/revisions\/32"}],"wp:attachment":[{"href":"https:\/\/dac.ro\/stiri\/wp-json\/wp\/v2\/media?parent=3"}],"curies":[{"name":"wp","href":"https:\/\/api.w.org\/{rel}","templated":true}]}}