{"id":28,"date":"2025-11-06T16:44:41","date_gmt":"2025-11-06T16:44:41","guid":{"rendered":"https:\/\/dac.ro\/stiri\/?page_id=28"},"modified":"2025-11-06T16:44:41","modified_gmt":"2025-11-06T16:44:41","slug":"termeni-si-conditii","status":"publish","type":"page","link":"https:\/\/dac.ro\/stiri\/termeni-si-conditii\/","title":{"rendered":"Termeni si conditii"},"content":{"rendered":"\n<p>Termeni \u0219i condi\u021bii de utilizare<\/p>\n\n\n\n<p>Acces\u00e2nd \u0219i utiliz\u00e2nd acest site, sunte\u021bi de acord s\u0103 respecta\u021bi urm\u0103torii termeni \u0219i condi\u021bii:<\/p>\n\n\n\n<p>1. Informa\u021bii generale<\/p>\n\n\n\n<p>Site-ul are scop informativ \u0219i de prezentare a produselor \u0219i serviciilor oferite sub marca DAC. Informa\u021biile prezentate pot suferi modific\u0103ri f\u0103r\u0103 notificare prealabil\u0103.<\/p>\n\n\n\n<p>2. Drepturi de proprietate intelectual\u0103<\/p>\n\n\n\n<p>Con\u021binutul site-ului (texte, imagini, logo-uri, design) este protejat de legisla\u021bia privind drepturile de autor. Reproducerea, distribuirea sau publicarea acestui con\u021binut f\u0103r\u0103 acordul prealabil este interzis\u0103.<\/p>\n\n\n\n<p>3. Confiden\u021bialitate \u0219i protec\u021bia datelor<\/p>\n\n\n\n<p>Datele personale colectate prin intermediul site-ului sunt prelucrate conform legisla\u021biei GDPR. Pentru detalii, v\u0103 rug\u0103m s\u0103 consulta\u021bi Politica de Confiden\u021bialitate.<\/p>\n\n\n\n<p>4. Limitarea r\u0103spunderii<\/p>\n\n\n\n<p>Administratorul site-ului nu \u00ee\u0219i asum\u0103 r\u0103spunderea pentru eventuale erori de con\u021binut, nefunc\u021bion\u0103ri temporare ale site-ului sau pierderi cauzate de utilizarea informa\u021biilor prezentate.<\/p>\n\n\n\n<p>5. Legisla\u021bie aplicabil\u0103<\/p>\n\n\n\n<p>Ace\u0219ti termeni sunt guverna\u021bi de legisla\u021bia din Rom\u00e2nia. Eventualele litigii vor fi solu\u021bionate pe cale amiabil\u0103 sau de instan\u021bele competente.<\/p>\n\n\n\n<p>Prin continuarea utiliz\u0103rii site-ului, confirma\u021bi c\u0103 a\u021bi citit \u0219i acceptat ace\u0219ti termeni.<\/p>\n","protected":false},"excerpt":{"rendered":"<p>Termeni \u0219i condi\u021bii de utilizare Acces\u00e2nd \u0219i utiliz\u00e2nd acest site, sunte\u021bi de acord s\u0103 respecta\u021bi urm\u0103torii termeni \u0219i condi\u021bii: 1. Informa\u021bii generale Site-ul are scop informativ \u0219i de prezentare a produselor \u0219i serviciilor oferite sub marca DAC. Informa\u021biile prezentate pot suferi modific\u0103ri f\u0103r\u0103 notificare prealabil\u0103. 2. Drepturi de proprietate intelectual\u0103 Con\u021binutul site-ului (texte, imagini, logo-uri, [&hellip;]<\/p>\n","protected":false},"author":1,"featured_media":0,"parent":0,"menu_order":0,"comment_status":"closed","ping_status":"closed","template":"","meta":{"footnotes":""},"class_list":["post-28","page","type-page","status-publish","hentry"],"_links":{"self":[{"href":"https:\/\/dac.ro\/stiri\/wp-json\/wp\/v2\/pages\/28","targetHints":{"allow":["GET"]}}],"collection":[{"href":"https:\/\/dac.ro\/stiri\/wp-json\/wp\/v2\/pages"}],"about":[{"href":"https:\/\/dac.ro\/stiri\/wp-json\/wp\/v2\/types\/page"}],"author":[{"embeddable":true,"href":"https:\/\/dac.ro\/stiri\/wp-json\/wp\/v2\/users\/1"}],"replies":[{"embeddable":true,"href":"https:\/\/dac.ro\/stiri\/wp-json\/wp\/v2\/comments?post=28"}],"version-history":[{"count":1,"href":"https:\/\/dac.ro\/stiri\/wp-json\/wp\/v2\/pages\/28\/revisions"}],"predecessor-version":[{"id":30,"href":"https:\/\/dac.ro\/stiri\/wp-json\/wp\/v2\/pages\/28\/revisions\/30"}],"wp:attachment":[{"href":"https:\/\/dac.ro\/stiri\/wp-json\/wp\/v2\/media?parent=28"}],"curies":[{"name":"wp","href":"https:\/\/api.w.org\/{rel}","templated":true}]}}